 {"id":50,"date":"2012-06-25T21:49:19","date_gmt":"2012-06-25T20:49:19","guid":{"rendered":"http:\/\/www.paisleystmirren.cc\/?page_id=50"},"modified":"2022-01-08T12:16:35","modified_gmt":"2022-01-08T11:16:35","slug":"contact-us","status":"publish","type":"page","link":"https:\/\/wengencc.org\/?page_id=50","title":{"rendered":"Contact Us"},"content":{"rendered":"<p>To contact the Club please leave your messages here. \u00a0These will be\u00a0received\u00a0by the Club Secretary who will respond in due course.<\/p>\n<p><em>Um den Club zu kontaktieren, f\u00fcllen Sie bitte das Formular aus. Der Clubsekret\u00e4r(in) wird Ihnen in K\u00fcrze antworten.<\/em><\/p>\n<div class=\"contactform\" id=\"cuform\">\r\n\t\t\t<form action=\"#cuform\" method=\"post\" id=\"tinyform\">\r\n\t\t\t<div>\r\n\t\t\t<input name=\"cuf_name\" id=\"cuf_name\" value=\"\" class=\"cuf_input\" \/>\r\n\t\t\t<input name=\"cuf_sendit\" id=\"cuf_sendit\" value=\"1\" class=\"cuf_input\" \/>\r\n\t\t\t<label for=\"cuf_sender\" class=\"cuf_label\">Name:<\/label>\r\n\t\t\t<input name=\"cuf_sender\" id=\"cuf_sender\" size=\"30\" value=\"\" class=\"cuf_field\" \/>\r\n\t\t\t<label for=\"cuf_email\" class=\"cuf_label\">Email:<\/label>\r\n\t\t\t<input name=\"cuf_email\" id=\"cuf_email\" size=\"30\" value=\"\" class=\"cuf_field\" \/>\r\n\t\t\t<label for=\"cuf_subject\" class=\"cuf_label\">Subject:<\/label>\r\n\t\t\t<input name=\"cuf_subject\" id=\"cuf_subject\" size=\"30\" value=\"\" class=\"cuf_field\" \/>\r\n\t\t\t<label for=\"cuf_msg\" class=\"cuf_label\">Your Message:<\/label>\r\n\t\t\t<textarea name=\"cuf_msg\" id=\"cuf_msg\" class=\"cuf_textarea\" cols=\"50\" rows=\"10\"><\/textarea>\r\n\t\t\t<input name=\"ZW1pdF90bmVycnVj\" type=\"hidden\" value=\"NDU3NTMyNjc3MQ==\" \/>\n<input name=\"YWhjdHBhYw==\" type=\"hidden\" value=\"NzUwMjAzNjUwMw==\" \/>\n<label class=\"cuf_label\" style=\"display:inline\" for=\"cuf_captcha\">Let's check you're not a robot <b>8 + 6 = <\/b><\/label> <input id=\"cuf_captcha\" name=\"cmV3c25h\" type=\"text\" size=\"2\" \/>\n\t\r\n\t\t\t<input type=\"submit\" name=\"submit\" id=\"contactsubmit\" class=\"cuf_submit\" value=\"Submit\"  onclick=\"return checkForm('');\" \/>\r\n\t\t\t<\/div>\r\n\t\t\t<div id=\"kenmorecontent\" style=\"float:right;\">\r\n\t\t\t<a href=\"https:\/\/www.kenmoredesign.com\/\" alt=\"boston web design\" title=\"Web Design Company\" target=\"_blank\">web design company<\/a>\r\n\t\t\t<\/div>\r\n\t\t\t<div style=\"clear:both;\"><\/div>\r\n\t\t\t<\/form><\/div>\r\n\t\t<script type=\"text\/javascript\">\r\n\t\tfunction checkForm( n )\r\n\t\t{\r\n\t\t\tvar f = new Array();\r\n\t\t\tf[1] = document.getElementById('cuf_sender' + n).value;\r\n\t\t\tf[2] = document.getElementById('cuf_email' + n).value;\r\n\t\t\tf[3] = document.getElementById('cuf_subject' + n).value;\r\n\t\t\tf[4] = document.getElementById('cuf_msg' + n).value;\r\n\t\t\tf[5] = f[6] = f[7] = f[8] = f[9] = '-';\r\n\t\t\r\n\t\tvar msg = \"\";\r\n\t\tfor ( i=0; i < f.length; i++ )\r\n\t\t{\r\n\t\t\tif ( f[i] == \"\" )\r\n\t\t\t\tmsg = \"Please fill out all fields.\\nPlease fill out all fields.\\n\\n\";\r\n\t\t}\r\n\t\tif ( !isEmail(f[2]) )\r\n\t\t\tmsg += \"Wrong Email.\\nWrong Email.\";\r\n\t\tif ( msg != \"\" )\r\n\t\t{\r\n\t\t\talert(msg);\r\n\t\t\treturn false;\r\n\t\t}\r\n\t}\r\n\tfunction isEmail(email)\r\n\t{\r\n\t\tvar rx = \/^([^\\s@,:\"<>]+)@([^\\s@,:\"<>]+\\.[^\\s@,:\"<>.\\d]{2,}|(\\d{1,3}\\.){3}\\d{1,3})$\/;\r\n\t\tvar part = email.match(rx);\r\n\t\tif ( part )\r\n\t\t\treturn true;\r\n\t\telse\r\n\t\t\treturn false\r\n\t}\r\n\tdocument.getElementById(\"kenmorecontent\").style.visibility = \"hidden\";\r\n\t<\/script>\r\n\t\n<p>Or, telephone Sara Weech on +44-(0)7734-688004 or email: saraweech@me.com<\/p>\n","protected":false},"excerpt":{"rendered":"<p>To contact the Club please leave your messages here. \u00a0These will be\u00a0received\u00a0by the Club Secretary who will respond in due course. Um den Club zu kontaktieren, f\u00fcllen Sie bitte das Formular aus. Der Clubsekret\u00e4r(in) wird Ihnen in K\u00fcrze antworten. Or, &hellip; <a href=\"https:\/\/wengencc.org\/?page_id=50\">Continue reading <span class=\"meta-nav\">&rarr;<\/span><\/a><\/p>\n","protected":false},"author":3,"featured_media":0,"parent":0,"menu_order":6,"comment_status":"closed","ping_status":"closed","template":"","meta":{"_mo_disable_npp":"","footnotes":""},"class_list":["post-50","page","type-page","status-publish","hentry","fancy-gallery-content-unit"],"_links":{"self":[{"href":"https:\/\/wengencc.org\/index.php?rest_route=\/wp\/v2\/pages\/50","targetHints":{"allow":["GET"]}}],"collection":[{"href":"https:\/\/wengencc.org\/index.php?rest_route=\/wp\/v2\/pages"}],"about":[{"href":"https:\/\/wengencc.org\/index.php?rest_route=\/wp\/v2\/types\/page"}],"author":[{"embeddable":true,"href":"https:\/\/wengencc.org\/index.php?rest_route=\/wp\/v2\/users\/3"}],"replies":[{"embeddable":true,"href":"https:\/\/wengencc.org\/index.php?rest_route=%2Fwp%2Fv2%2Fcomments&post=50"}],"version-history":[{"count":0,"href":"https:\/\/wengencc.org\/index.php?rest_route=\/wp\/v2\/pages\/50\/revisions"}],"wp:attachment":[{"href":"https:\/\/wengencc.org\/index.php?rest_route=%2Fwp%2Fv2%2Fmedia&parent=50"}],"curies":[{"name":"wp","href":"https:\/\/api.w.org\/{rel}","templated":true}]}}